{"id":15,"date":"2018-06-28T18:11:07","date_gmt":"2018-06-28T16:11:07","guid":{"rendered":"https:\/\/botopia.org\/blog\/?page_id=15"},"modified":"2023-07-24T16:43:44","modified_gmt":"2023-07-24T14:43:44","slug":"was-ist-botopia","status":"publish","type":"page","link":"https:\/\/botopia.org\/blog\/was-ist-botopia\/","title":{"rendered":"Was ist Botopia?"},"content":{"rendered":"<div id=\"magicdomid5\" class=\"ace-line\">\n<h1>Was ist botopia?<\/h1>\n<p>botopia e.V. ist eine 2016 gegr\u00fcndete Initiative, inzwischen ein Verein und gleichzeitig ein Netzwerk von und f\u00fcr Gruppen und Initiativen. Seit Mai 2018 haben wir ein Ladenlokal im Bochumer Westend angemietet.<\/p>\n<p>Wir bieten Raum f\u00fcr kollektive Debatten, gemeinsames Tun, soziales Engagement und k\u00fcnstlerisches Handeln. Es geht uns um Vernetzung \u2013 und darum, Menschen unterschiedlicher Herkunft und Hintergr\u00fcnde zusammenzubringen.<\/p>\n<p>Unser gemeinsamer, selbstorganisierter Ort befindet sich in der Griesenbruchstra\u00dfe 9. Hier haben Initiativen die M\u00f6glichkeit, unentgeltlich und unb\u00fcrokratisch ihre Ideen zu verwirklichen. Alle Angebote sind daher kostenfrei und f\u00fcr alle zug\u00e4nglich. Um einen sicheren Raum f\u00fcr ALLE zu schaffen, in dem sich JEDE*R willkommen f\u00fchlt, positionieren wir uns uneingeschr\u00e4nkt gegen jedwede Art von Ausgrenzung und Rassismus.<\/p>\n<p>Bei botopia ist einiges los: es wird getanzt, gespielt, Kampfsport trainiert, kreativ gestaltet, repariert, gen\u00e4ht, geg\u00e4rtnert, politisch diskutiert und zusammen Zeit verbracht. Au\u00dferdem beherbergen wir den Leihladen und eine Siebdruckwerkstatt. Aber nicht nur das: durch den regelm\u00e4\u00dfigen Austausch aller Akteure im monatlichen Plenum lernen sich die Initiativen und ihre Themen gegenseitig kennen \u2013 so entstehen immer wieder neue Pl\u00e4ne und Ideen.<\/p>\n<p>Wir freuen uns immer \u00fcber neue Mitstreitende und Aktive, also kommt gerne vorbei: entweder zum n\u00e4chsten Plenum oder zum n\u00e4chsten Treffen einer Gruppe eurer Wahl.<\/p>\n<p>Alle Gruppen, die sich regelm\u00e4\u00dfig bei uns treffen, beteiligen sich an den Aufgaben, die in dem selbstverwalteten Raum anfallen. Das beinhaltet vor allem das regelm\u00e4\u00dfige Erscheinen bei den Plena und das Sauberhalten des Raumes (hierf\u00fcr gibt es einen Putzplan).<\/p>\n<p>Um die Kosten zu decken, werben wir daf\u00fcr, Mitglied bei botopia. e.V. zu werden. Denn unser Ziel ist es, dass der Raum dauerhaft gehalten werden kann.<\/p>\n<p>Wir w\u00fcnschen uns eine solidarische, angstfreie Atmosph\u00e4re. Daher behalten wir uns vor, Personen bei diskriminierendem und \u00fcbergriffigem Verhalten des Raumes zu verweisen.<\/p>\n<p><div class=\"leaflet-map WPLeafletMap\" style=\"height:500px; width:100%;\"><\/div><script>\nwindow.WPLeafletMapPlugin = window.WPLeafletMapPlugin || [];\nwindow.WPLeafletMapPlugin.push(function WPLeafletMapShortcode() {\/*<script>*\/\nvar baseUrl = atob('aHR0cHM6Ly97c30udGlsZS5vcGVuc3RyZWV0bWFwLm9yZy97en0ve3h9L3t5fS5wbmc=');\nvar base = (!baseUrl && window.MQ) ?\n    window.MQ.mapLayer() : L.tileLayer(baseUrl,\n        L.Util.extend({}, {\n            detectRetina: 0,\n        },\n        {\"subdomains\":\"abc\",\"noWrap\":false,\"maxZoom\":20}        )\n    );\n    var options = L.Util.extend({}, {\n        layers: [base],\n        attributionControl: false\n    },\n    {\"zoomControl\":true,\"scrollWheelZoom\":true,\"doubleClickZoom\":true,\"fitBounds\":false,\"minZoom\":0,\"maxZoom\":20,\"maxBounds\":null,\"attribution\":\"<a href=\\\"http:\\\/\\\/leafletjs.com\\\" title=\\\"A JS library for interactive maps\\\">Leaflet<\\\/a>; \\\\r\\\\n\\u00a9 <a href=\\\"http:\\\/\\\/www.openstreetmap.org\\\/copyright\\\">OpenStreetMap<\\\/a> contributors\"},\n    {});\nwindow.WPLeafletMapPlugin.createMap(options).setView([51.47946,7.20722],18);});<\/script><script>\nwindow.WPLeafletMapPlugin = window.WPLeafletMapPlugin || [];\nwindow.WPLeafletMapPlugin.push(function WPLeafletMarkerShortcode() {\/*<script>*\/\nvar map = window.WPLeafletMapPlugin.getCurrentMap();\nvar group = window.WPLeafletMapPlugin.getCurrentGroup();\nvar marker_options = window.WPLeafletMapPlugin.getIconOptions({});\nvar marker = L.marker(\n    [51.47946,7.20722],\n    marker_options\n);\nvar is_image = map.is_image_map;\nif (marker_options.draggable) {\n    marker.on('dragend', function () {\n        var latlng = this.getLatLng();\n        var lat = latlng.lat;\n        var lng = latlng.lng;\n        if (is_image) {\n            console.log('leaflet-marker y=' + lat + ' x=' + lng);\n        } else {\n            console.log('leaflet-marker lat=' + lat + ' lng=' + lng);\n        }\n    });\n}\nmarker.addTo( group );\nwindow.WPLeafletMapPlugin.markers.push( marker );\n        });<\/script><\/p>\n<p>botopia e.V<br \/>\nGriesenbruchstr. 9<br \/>\n44793 Bochum<\/p>\n<p>Kontakt: <a href=\"mailto:botopia@zeromail.org?subject=Nachricht von botopia raum9\">botopia@zeromail.org<\/a><\/p>\n<p>Konto: botopia e.V., Volksbank Bochum, IBAN: DE82 4306 0129 0441 1739 00<\/p>\n<\/div>\n","protected":false},"excerpt":{"rendered":"<p>Was ist botopia? botopia e.V. ist eine 2016 gegr\u00fcndete Initiative, inzwischen ein Verein und gleichzeitig ein Netzwerk von und f\u00fcr Gruppen und Initiativen. Seit Mai 2018 haben wir ein Ladenlokal im Bochumer Westend angemietet. Wir bieten Raum f\u00fcr kollektive Debatten, gemeinsames Tun, soziales Engagement und k\u00fcnstlerisches Handeln. Es geht uns um Vernetzung \u2013 und darum, [&hellip;]<\/p>\n","protected":false},"author":1,"featured_media":0,"parent":0,"menu_order":0,"comment_status":"closed","ping_status":"closed","template":"","meta":{"give_campaign_id":0,"ocean_post_layout":"","ocean_both_sidebars_style":"","ocean_both_sidebars_content_width":0,"ocean_both_sidebars_sidebars_width":0,"ocean_sidebar":"0","ocean_second_sidebar":"0","ocean_disable_margins":"enable","ocean_add_body_class":"","ocean_shortcode_before_top_bar":"","ocean_shortcode_after_top_bar":"","ocean_shortcode_before_header":"","ocean_shortcode_after_header":"","ocean_has_shortcode":"","ocean_shortcode_after_title":"","ocean_shortcode_before_footer_widgets":"","ocean_shortcode_after_footer_widgets":"","ocean_shortcode_before_footer_bottom":"","ocean_shortcode_after_footer_bottom":"","ocean_display_top_bar":"default","ocean_display_header":"default","ocean_header_style":"","ocean_center_header_left_menu":"0","ocean_custom_header_template":"0","ocean_custom_logo":0,"ocean_custom_retina_logo":0,"ocean_custom_logo_max_width":0,"ocean_custom_logo_tablet_max_width":0,"ocean_custom_logo_mobile_max_width":0,"ocean_custom_logo_max_height":0,"ocean_custom_logo_tablet_max_height":0,"ocean_custom_logo_mobile_max_height":0,"ocean_header_custom_menu":"0","ocean_menu_typo_font_family":"0","ocean_menu_typo_font_subset":"","ocean_menu_typo_font_size":0,"ocean_menu_typo_font_size_tablet":0,"ocean_menu_typo_font_size_mobile":0,"ocean_menu_typo_font_size_unit":"px","ocean_menu_typo_font_weight":"","ocean_menu_typo_font_weight_tablet":"","ocean_menu_typo_font_weight_mobile":"","ocean_menu_typo_transform":"","ocean_menu_typo_transform_tablet":"","ocean_menu_typo_transform_mobile":"","ocean_menu_typo_line_height":0,"ocean_menu_typo_line_height_tablet":0,"ocean_menu_typo_line_height_mobile":0,"ocean_menu_typo_line_height_unit":"","ocean_menu_typo_spacing":0,"ocean_menu_typo_spacing_tablet":0,"ocean_menu_typo_spacing_mobile":0,"ocean_menu_typo_spacing_unit":"","ocean_menu_link_color":"","ocean_menu_link_color_hover":"","ocean_menu_link_color_active":"","ocean_menu_link_background":"","ocean_menu_link_hover_background":"","ocean_menu_link_active_background":"","ocean_menu_social_links_bg":"","ocean_menu_social_hover_links_bg":"","ocean_menu_social_links_color":"","ocean_menu_social_hover_links_color":"","ocean_disable_title":"default","ocean_disable_heading":"default","ocean_post_title":"","ocean_post_subheading":"","ocean_post_title_style":"","ocean_post_title_background_color":"","ocean_post_title_background":0,"ocean_post_title_bg_image_position":"","ocean_post_title_bg_image_attachment":"","ocean_post_title_bg_image_repeat":"","ocean_post_title_bg_image_size":"","ocean_post_title_height":0,"ocean_post_title_bg_overlay":0.5,"ocean_post_title_bg_overlay_color":"","ocean_disable_breadcrumbs":"default","ocean_breadcrumbs_color":"","ocean_breadcrumbs_separator_color":"","ocean_breadcrumbs_links_color":"","ocean_breadcrumbs_links_hover_color":"","ocean_display_footer_widgets":"default","ocean_display_footer_bottom":"default","ocean_custom_footer_template":"0","footnotes":""},"class_list":["post-15","page","type-page","status-publish","hentry","entry"],"yoast_head":"<!-- This site is optimized with the Yoast SEO plugin v27.3 - https:\/\/yoast.com\/product\/yoast-seo-wordpress\/ -->\n<title>Was ist Botopia? - Botopia<\/title>\n<meta name=\"robots\" content=\"index, follow, max-snippet:-1, max-image-preview:large, max-video-preview:-1\" \/>\n<link rel=\"canonical\" href=\"https:\/\/botopia.org\/blog\/was-ist-botopia\/\" \/>\n<meta property=\"og:locale\" content=\"de_DE\" \/>\n<meta property=\"og:type\" content=\"article\" \/>\n<meta property=\"og:title\" content=\"Was ist Botopia? - Botopia\" \/>\n<meta property=\"og:description\" content=\"Was ist botopia? botopia e.V. ist eine 2016 gegr\u00fcndete Initiative, inzwischen ein Verein und gleichzeitig ein Netzwerk von und f\u00fcr Gruppen und Initiativen. Seit Mai 2018 haben wir ein Ladenlokal im Bochumer Westend angemietet. Wir bieten Raum f\u00fcr kollektive Debatten, gemeinsames Tun, soziales Engagement und k\u00fcnstlerisches Handeln. Es geht uns um Vernetzung \u2013 und darum, [&hellip;]\" \/>\n<meta property=\"og:url\" content=\"https:\/\/botopia.org\/blog\/was-ist-botopia\/\" \/>\n<meta property=\"og:site_name\" content=\"Botopia\" \/>\n<meta property=\"article:modified_time\" content=\"2023-07-24T14:43:44+00:00\" \/>\n<meta name=\"twitter:card\" content=\"summary_large_image\" \/>\n<meta name=\"twitter:label1\" content=\"Gesch\u00e4tzte Lesezeit\" \/>\n\t<meta name=\"twitter:data1\" content=\"2\u00a0Minuten\" \/>\n<script type=\"application\/ld+json\" class=\"yoast-schema-graph\">{\"@context\":\"https:\\\/\\\/schema.org\",\"@graph\":[{\"@type\":\"WebPage\",\"@id\":\"https:\\\/\\\/botopia.org\\\/blog\\\/was-ist-botopia\\\/\",\"url\":\"https:\\\/\\\/botopia.org\\\/blog\\\/was-ist-botopia\\\/\",\"name\":\"Was ist Botopia? - Botopia\",\"isPartOf\":{\"@id\":\"https:\\\/\\\/botopia.org\\\/blog\\\/#website\"},\"datePublished\":\"2018-06-28T16:11:07+00:00\",\"dateModified\":\"2023-07-24T14:43:44+00:00\",\"breadcrumb\":{\"@id\":\"https:\\\/\\\/botopia.org\\\/blog\\\/was-ist-botopia\\\/#breadcrumb\"},\"inLanguage\":\"de\",\"potentialAction\":[{\"@type\":\"ReadAction\",\"target\":[\"https:\\\/\\\/botopia.org\\\/blog\\\/was-ist-botopia\\\/\"]}]},{\"@type\":\"BreadcrumbList\",\"@id\":\"https:\\\/\\\/botopia.org\\\/blog\\\/was-ist-botopia\\\/#breadcrumb\",\"itemListElement\":[{\"@type\":\"ListItem\",\"position\":1,\"name\":\"Startseite\",\"item\":\"https:\\\/\\\/botopia.org\\\/blog\\\/\"},{\"@type\":\"ListItem\",\"position\":2,\"name\":\"Was ist Botopia?\"}]},{\"@type\":\"WebSite\",\"@id\":\"https:\\\/\\\/botopia.org\\\/blog\\\/#website\",\"url\":\"https:\\\/\\\/botopia.org\\\/blog\\\/\",\"name\":\"Botopia\",\"description\":\"Stadt selber machen\",\"publisher\":{\"@id\":\"https:\\\/\\\/botopia.org\\\/blog\\\/#organization\"},\"potentialAction\":[{\"@type\":\"SearchAction\",\"target\":{\"@type\":\"EntryPoint\",\"urlTemplate\":\"https:\\\/\\\/botopia.org\\\/blog\\\/?s={search_term_string}\"},\"query-input\":{\"@type\":\"PropertyValueSpecification\",\"valueRequired\":true,\"valueName\":\"search_term_string\"}}],\"inLanguage\":\"de\"},{\"@type\":\"Organization\",\"@id\":\"https:\\\/\\\/botopia.org\\\/blog\\\/#organization\",\"name\":\"Botopia e.V.\",\"url\":\"https:\\\/\\\/botopia.org\\\/blog\\\/\",\"logo\":{\"@type\":\"ImageObject\",\"inLanguage\":\"de\",\"@id\":\"https:\\\/\\\/botopia.org\\\/blog\\\/#\\\/schema\\\/logo\\\/image\\\/\",\"url\":\"https:\\\/\\\/botopia.org\\\/blog\\\/wp-content\\\/uploads\\\/2018\\\/06\\\/cropped-Botopia.svg_-2.png\",\"contentUrl\":\"https:\\\/\\\/botopia.org\\\/blog\\\/wp-content\\\/uploads\\\/2018\\\/06\\\/cropped-Botopia.svg_-2.png\",\"width\":1024,\"height\":1024,\"caption\":\"Botopia e.V.\"},\"image\":{\"@id\":\"https:\\\/\\\/botopia.org\\\/blog\\\/#\\\/schema\\\/logo\\\/image\\\/\"},\"sameAs\":[\"https:\\\/\\\/chaos.social\\\/@Botopia@ruhr.social\",\"https:\\\/\\\/www.instagram.com\\\/botopia_bochum\\\/\"]}]}<\/script>\n<!-- \/ Yoast SEO plugin. -->","yoast_head_json":{"title":"Was ist Botopia? - Botopia","robots":{"index":"index","follow":"follow","max-snippet":"max-snippet:-1","max-image-preview":"max-image-preview:large","max-video-preview":"max-video-preview:-1"},"canonical":"https:\/\/botopia.org\/blog\/was-ist-botopia\/","og_locale":"de_DE","og_type":"article","og_title":"Was ist Botopia? - Botopia","og_description":"Was ist botopia? botopia e.V. ist eine 2016 gegr\u00fcndete Initiative, inzwischen ein Verein und gleichzeitig ein Netzwerk von und f\u00fcr Gruppen und Initiativen. Seit Mai 2018 haben wir ein Ladenlokal im Bochumer Westend angemietet. Wir bieten Raum f\u00fcr kollektive Debatten, gemeinsames Tun, soziales Engagement und k\u00fcnstlerisches Handeln. Es geht uns um Vernetzung \u2013 und darum, [&hellip;]","og_url":"https:\/\/botopia.org\/blog\/was-ist-botopia\/","og_site_name":"Botopia","article_modified_time":"2023-07-24T14:43:44+00:00","twitter_card":"summary_large_image","twitter_misc":{"Gesch\u00e4tzte Lesezeit":"2\u00a0Minuten"},"schema":{"@context":"https:\/\/schema.org","@graph":[{"@type":"WebPage","@id":"https:\/\/botopia.org\/blog\/was-ist-botopia\/","url":"https:\/\/botopia.org\/blog\/was-ist-botopia\/","name":"Was ist Botopia? - Botopia","isPartOf":{"@id":"https:\/\/botopia.org\/blog\/#website"},"datePublished":"2018-06-28T16:11:07+00:00","dateModified":"2023-07-24T14:43:44+00:00","breadcrumb":{"@id":"https:\/\/botopia.org\/blog\/was-ist-botopia\/#breadcrumb"},"inLanguage":"de","potentialAction":[{"@type":"ReadAction","target":["https:\/\/botopia.org\/blog\/was-ist-botopia\/"]}]},{"@type":"BreadcrumbList","@id":"https:\/\/botopia.org\/blog\/was-ist-botopia\/#breadcrumb","itemListElement":[{"@type":"ListItem","position":1,"name":"Startseite","item":"https:\/\/botopia.org\/blog\/"},{"@type":"ListItem","position":2,"name":"Was ist Botopia?"}]},{"@type":"WebSite","@id":"https:\/\/botopia.org\/blog\/#website","url":"https:\/\/botopia.org\/blog\/","name":"Botopia","description":"Stadt selber machen","publisher":{"@id":"https:\/\/botopia.org\/blog\/#organization"},"potentialAction":[{"@type":"SearchAction","target":{"@type":"EntryPoint","urlTemplate":"https:\/\/botopia.org\/blog\/?s={search_term_string}"},"query-input":{"@type":"PropertyValueSpecification","valueRequired":true,"valueName":"search_term_string"}}],"inLanguage":"de"},{"@type":"Organization","@id":"https:\/\/botopia.org\/blog\/#organization","name":"Botopia e.V.","url":"https:\/\/botopia.org\/blog\/","logo":{"@type":"ImageObject","inLanguage":"de","@id":"https:\/\/botopia.org\/blog\/#\/schema\/logo\/image\/","url":"https:\/\/botopia.org\/blog\/wp-content\/uploads\/2018\/06\/cropped-Botopia.svg_-2.png","contentUrl":"https:\/\/botopia.org\/blog\/wp-content\/uploads\/2018\/06\/cropped-Botopia.svg_-2.png","width":1024,"height":1024,"caption":"Botopia e.V."},"image":{"@id":"https:\/\/botopia.org\/blog\/#\/schema\/logo\/image\/"},"sameAs":["https:\/\/chaos.social\/@Botopia@ruhr.social","https:\/\/www.instagram.com\/botopia_bochum\/"]}]}},"campaignId":"","_links":{"self":[{"href":"https:\/\/botopia.org\/blog\/wp-json\/wp\/v2\/pages\/15","targetHints":{"allow":["GET"]}}],"collection":[{"href":"https:\/\/botopia.org\/blog\/wp-json\/wp\/v2\/pages"}],"about":[{"href":"https:\/\/botopia.org\/blog\/wp-json\/wp\/v2\/types\/page"}],"author":[{"embeddable":true,"href":"https:\/\/botopia.org\/blog\/wp-json\/wp\/v2\/users\/1"}],"replies":[{"embeddable":true,"href":"https:\/\/botopia.org\/blog\/wp-json\/wp\/v2\/comments?post=15"}],"version-history":[{"count":24,"href":"https:\/\/botopia.org\/blog\/wp-json\/wp\/v2\/pages\/15\/revisions"}],"predecessor-version":[{"id":5982,"href":"https:\/\/botopia.org\/blog\/wp-json\/wp\/v2\/pages\/15\/revisions\/5982"}],"wp:attachment":[{"href":"https:\/\/botopia.org\/blog\/wp-json\/wp\/v2\/media?parent=15"}],"curies":[{"name":"wp","href":"https:\/\/api.w.org\/{rel}","templated":true}]}}